{"id":6588,"date":"2019-12-01T20:17:40","date_gmt":"2019-12-01T18:17:40","guid":{"rendered":"http:\/\/wilhelmreich.gr\/?page_id=6588"},"modified":"2023-10-04T17:58:12","modified_gmt":"2023-10-04T14:58:12","slug":"human-resources","status":"publish","type":"page","link":"https:\/\/wilhelmreich.gr\/en\/institute\/human-resources\/","title":{"rendered":"Human resources"},"content":{"rendered":"<h4><strong>IN CHARGE OF ALL INSTITUTE&#8217;S ACTIVITIES\u00a0<\/strong><\/h4>\n<p><strong>Nassos Teopoulos, M.D.<br \/>\n<\/strong><strong>Psychiatrist and Homeopath, founding member of the Hellenic Institute of Orgonomy<\/strong><\/p>\n<p><img loading=\"lazy\" decoding=\"async\" class=\"alignleft size-thumbnail wp-image-6571\" src=\"https:\/\/wilhelmreich.gr\/wp-content\/uploads\/2019\/11\/Teopoulos-small-300x225-150x150.jpg\" alt=\"\" width=\"150\" height=\"150\" srcset=\"https:\/\/wilhelmreich.gr\/wp-content\/uploads\/2019\/11\/Teopoulos-small-300x225-150x150.jpg 150w, https:\/\/wilhelmreich.gr\/wp-content\/uploads\/2019\/11\/Teopoulos-small-300x225-300x300.jpg 300w, https:\/\/wilhelmreich.gr\/wp-content\/uploads\/2019\/11\/Teopoulos-small-300x225-1024x1024.jpg 1024w, https:\/\/wilhelmreich.gr\/wp-content\/uploads\/2019\/11\/Teopoulos-small-300x225-768x768.jpg 768w, https:\/\/wilhelmreich.gr\/wp-content\/uploads\/2019\/11\/Teopoulos-small-300x225-1536x1536.jpg 1536w, https:\/\/wilhelmreich.gr\/wp-content\/uploads\/2019\/11\/Teopoulos-small-300x225-1080x1080.jpg 1080w, https:\/\/wilhelmreich.gr\/wp-content\/uploads\/2019\/11\/Teopoulos-small-300x225-440x440.jpg 440w, https:\/\/wilhelmreich.gr\/wp-content\/uploads\/2019\/11\/Teopoulos-small-300x225.jpg 1575w\" sizes=\"(max-width: 150px) 100vw, 150px\" \/>He lives in Thessaloniki and works as an orgone therapist and a homeopath in Athens and Thessaloniki.<\/p>\n<p>Academic titles and studies: Degree in Stuructural Engineering from the National Technical University of Athens (1980). Diplomate of Medicine from the Faculty of Medicine of Aristotle University of Thessaloniki (1988) and Diplomate in Psychiatry, Greek Board of Psychiatry (1995). Diplomate of Homeopathy, member of the Greek Society of Homeopathic Medicine and member of the Liga Medicorum Homeopathica Internationalis (1995). Degree in Greek Culture from the Greek Open University (2017).<\/p>\n<p>He trained in the psychotherapeutic technique of orgone therapy at the American College of Orgonomy and he was a Clinical Associate of the College for over ten years, taking part in The Training Program of Medical Orgonomy of the College (1997-2011). He is a member of the Hellenic Psychiatric Association, co-founder, along with child psychiatrist George Argyreas, of the Hellenic Society of Psychiatric Orgone Therapy and Character Analysis, and member of\u00a0\u0395\u0391\u0392\u03a1 (European Association for Body Psychotherapy).<\/p>\n<p>Since 2002 he is the director of the Microscopic Observation and Biophysical Research Laboratories, where he studies and repeats the experimental work of psychiatrist and natural scientist Wilhelm Reich.<\/p>\n<p>Since 2013 she has been teaching seminars on Orgonomy and from the academic year 2019 -2020 seminars for mental health professionals, doctors and psychologists who wish to practice psychiatric orgone therapy and character analysis. Occasionally lectures on Orgonomy to the general public.<\/p>\n<p>His has an active interest in Gunther Enderlein\u2019s polymorphic theory, in the cellular death of red blood cells (apoptosis) and in the work of other researchers working in related fields (Gaston Naessans, Gitte Jensen and others).<\/p>\n<hr \/>\n<h4><strong><br \/>\nIN CHARGE OF RESEARCH LABORATORIES\u00a0<\/strong><\/h4>\n<p><strong>Despina Malkotsi<br \/>\n<\/strong><strong>Medical Laboratory Technician, in charge of the Microscopic Observation Laboratory<\/strong><\/p>\n<p><img loading=\"lazy\" decoding=\"async\" class=\"alignleft size-thumbnail wp-image-6565\" src=\"https:\/\/wilhelmreich.gr\/wp-content\/uploads\/2019\/11\/malkotsi-150x150.jpg\" alt=\"\" width=\"150\" height=\"150\" srcset=\"https:\/\/wilhelmreich.gr\/wp-content\/uploads\/2019\/11\/malkotsi-150x150.jpg 150w, https:\/\/wilhelmreich.gr\/wp-content\/uploads\/2019\/11\/malkotsi-300x300.jpg 300w, https:\/\/wilhelmreich.gr\/wp-content\/uploads\/2019\/11\/malkotsi-1024x1024.jpg 1024w, https:\/\/wilhelmreich.gr\/wp-content\/uploads\/2019\/11\/malkotsi-768x768.jpg 768w, https:\/\/wilhelmreich.gr\/wp-content\/uploads\/2019\/11\/malkotsi-1536x1536.jpg 1536w, https:\/\/wilhelmreich.gr\/wp-content\/uploads\/2019\/11\/malkotsi-1080x1080.jpg 1080w, https:\/\/wilhelmreich.gr\/wp-content\/uploads\/2019\/11\/malkotsi-440x440.jpg 440w, https:\/\/wilhelmreich.gr\/wp-content\/uploads\/2019\/11\/malkotsi.jpg 1575w\" sizes=\"(max-width: 150px) 100vw, 150px\" \/>Academic titles and studies: Degree as a Medical Laboratory Technician from the Technological Educational Institute of Larissa (1981).\u00a0Degree from the School of Pedagogical and Technological Institute of Thessaloniki (1985). She trained in electron microscopy techniques at the Department of Veterinary at the Aristotle University of Thessaloniki (1989). She attended an 80-hour project at the Technological Educational Institute of Thessaloniki titled: \u201cTechnology and information \u2013 Modern Operating Systems\u201d (1999). Degree in Theology from the Aristotle University of Thessaloniki (2012). She worked at the Microbiology Laboratory of the \u201cSaint Lucas\u201d Clinic in Thessaloniki (1981); and at the Microbiological and Pathoanatomical Laboratory of the General Peripheral Hospital \u201cHippocrates\u201d of Thessaloniki (1982-1994). She collaborated in a research project titled: \u201cStudy of NORS in endometrial hyperplasia and adenocarcinoma\u201d at the Pathoanatomical Laboratory of \u201cHippocrates\u201d Hospital of Thessaloniki. She collaborated in meetings regarding vocational training and as an educator in issues of \u201c\u2026 Teaching\u201d. She attended seminars on Health Education, Research Projects and she worked on related projects.\u00a0 She works as a high school teacher (Vocational and Technical Schools) since 1994.<\/p>\n<p><strong>Christos Grapsas<br \/>\n<\/strong><strong>Electrical engineer, <\/strong><strong>in charge of the Biophysical Research Laboratory<\/strong><\/p>\n<p><img loading=\"lazy\" decoding=\"async\" class=\"size-thumbnail wp-image-6561 alignleft\" src=\"https:\/\/wilhelmreich.gr\/wp-content\/uploads\/2019\/11\/grapsas-1-150x150.jpg\" alt=\"\" width=\"150\" height=\"150\" srcset=\"https:\/\/wilhelmreich.gr\/wp-content\/uploads\/2019\/11\/grapsas-1-150x150.jpg 150w, https:\/\/wilhelmreich.gr\/wp-content\/uploads\/2019\/11\/grapsas-1-300x300.jpg 300w, https:\/\/wilhelmreich.gr\/wp-content\/uploads\/2019\/11\/grapsas-1-1024x1024.jpg 1024w, https:\/\/wilhelmreich.gr\/wp-content\/uploads\/2019\/11\/grapsas-1-768x768.jpg 768w, https:\/\/wilhelmreich.gr\/wp-content\/uploads\/2019\/11\/grapsas-1-1536x1536.jpg 1536w, https:\/\/wilhelmreich.gr\/wp-content\/uploads\/2019\/11\/grapsas-1-1080x1080.jpg 1080w, https:\/\/wilhelmreich.gr\/wp-content\/uploads\/2019\/11\/grapsas-1-440x440.jpg 440w, https:\/\/wilhelmreich.gr\/wp-content\/uploads\/2019\/11\/grapsas-1.jpg 1575w\" sizes=\"(max-width: 150px) 100vw, 150px\" \/><\/p>\n<p>He was born in 1978 in Thessaloniki, where he lives and works.<br \/>\nHe studied Electrical Engineering at the Democritus University of Thrace (2007). In 2018, he received an Executive MBA from the International University of Greece.<\/p>\n<p>&nbsp;<\/p>\n<p>&nbsp;<\/p>\n<hr \/>\n<p><strong>Ernesto Beroukas<\/strong><br \/>\n<strong>Oncologist Radiotherapist<\/strong><\/p>\n<p><img loading=\"lazy\" decoding=\"async\" class=\"alignleft size-thumbnail wp-image-6769\" src=\"https:\/\/wilhelmreich.gr\/wp-content\/uploads\/2020\/02\/beroukas-150x150.jpg\" alt=\"\" width=\"150\" height=\"150\" srcset=\"https:\/\/wilhelmreich.gr\/wp-content\/uploads\/2020\/02\/beroukas-150x150.jpg 150w, https:\/\/wilhelmreich.gr\/wp-content\/uploads\/2020\/02\/beroukas-300x300.jpg 300w, https:\/\/wilhelmreich.gr\/wp-content\/uploads\/2020\/02\/beroukas-1024x1024.jpg 1024w, https:\/\/wilhelmreich.gr\/wp-content\/uploads\/2020\/02\/beroukas-768x768.jpg 768w, https:\/\/wilhelmreich.gr\/wp-content\/uploads\/2020\/02\/beroukas-1536x1536.jpg 1536w, https:\/\/wilhelmreich.gr\/wp-content\/uploads\/2020\/02\/beroukas-1080x1080.jpg 1080w, https:\/\/wilhelmreich.gr\/wp-content\/uploads\/2020\/02\/beroukas-440x440.jpg 440w, https:\/\/wilhelmreich.gr\/wp-content\/uploads\/2020\/02\/beroukas.jpg 1575w\" sizes=\"(max-width: 150px) 100vw, 150px\" \/><\/p>\n<p>Ernesto Beroukas is an Oncologist Radiotherapist, Director of the Department of Radiotherapy Oncology at the Metropolitan Hospital.<br \/>\nHe received his medical degree in 1999 from the Kapodistrian University of Athens and his Ph.D. in 2009 from the Medical School of Democritus University of Thrace (grade Excellent).<br \/>\nIn 2006 he completed his specialty in Radiotherapy Oncology in the Department of Radiotherapy Oncology, Anticancer Piraeus Hospital &#8220;Metaxas&#8221;, in the Department of Radiotherapy Oncology, &#8220;Agios Savvas&#8221; Oncology Hospital and in the Department of Radiotherapy, Offenbach Hospital, Germany.<br \/>\nHe has participated in international clinical trials. He has published in national and international scientific journals, and he participated and gave presentations and papers in many national and international conferences.<\/p>\n<p>From 2015 to present he is a lecturer at the Postgraduate Program of the Medical School of the National Kapodistrian University of Athens entitled: &#8220;Lung Cancer: Contemporary Clinical Laboratory Approach and Research&#8221;.<\/p>\n<p>He is a member of the scientific organizations European Society for Therapeutic Radiology and Oncology (ESTRO), American Society for Therapeutic Radiology and Oncology (ASTRO), Hellenic Society of Radiotherapy Oncology, Hellenic Cancer Society.<br \/>\nFrom 2006 to 2012 he volunteered on a weekly basis as a physician at the Open Polyclinic of the &#8220;M\u00e9decins du Monde&#8221; NGO.<\/p>\n<p><strong>Eleni Stamou<br \/>\n<\/strong><strong>Radiologist<\/strong><\/p>\n<p><img loading=\"lazy\" decoding=\"async\" class=\"alignleft size-thumbnail wp-image-6810\" src=\"https:\/\/wilhelmreich.gr\/wp-content\/uploads\/2020\/02\/stamou-150x150.jpg\" alt=\"\" width=\"150\" height=\"150\" srcset=\"https:\/\/wilhelmreich.gr\/wp-content\/uploads\/2020\/02\/stamou-150x150.jpg 150w, https:\/\/wilhelmreich.gr\/wp-content\/uploads\/2020\/02\/stamou-300x300.jpg 300w, https:\/\/wilhelmreich.gr\/wp-content\/uploads\/2020\/02\/stamou-1022x1024.jpg 1022w, https:\/\/wilhelmreich.gr\/wp-content\/uploads\/2020\/02\/stamou-768x769.jpg 768w, https:\/\/wilhelmreich.gr\/wp-content\/uploads\/2020\/02\/stamou-1533x1536.jpg 1533w, https:\/\/wilhelmreich.gr\/wp-content\/uploads\/2020\/02\/stamou-1080x1082.jpg 1080w, https:\/\/wilhelmreich.gr\/wp-content\/uploads\/2020\/02\/stamou-440x440.jpg 440w, https:\/\/wilhelmreich.gr\/wp-content\/uploads\/2020\/02\/stamou.jpg 1575w\" sizes=\"(max-width: 150px) 100vw, 150px\" \/>Eleni Stamou is a medical Radiologist who lives and works in Athens. She graduated in 2004 from the Medical School of the Kapodistrian University of Athens (grade B). She received her Master\u2019s Degree in Interventional Radiology in 2010 from the same faculty, and in 2014 she received the Radiology Specialty.<br \/>\nSince 2018 she is a Research Fellow in the Department of Magnetic-Computed Tomography of the Athens Medical Center, P. Faliro Branch.<\/p>\n<p>She has attended numerous national and international seminars and conferences.<br \/>\nFrom 2006 to 2013 she volunteered on a weekly basis as a physician at the Open Polyclinic of the &#8220;M\u00e9decins du Monde&#8221; NGO and from 2011 as a radiologist at the same organization&#8217;s Ultrasound Unit.<\/p>\n<hr \/>\n<h4><strong>LECTURERS<\/strong><\/h4>\n<p><strong>Themistocles Tzotzas<br \/>\n<\/strong><strong>Endocrinologist<\/strong><\/p>\n<p><img loading=\"lazy\" decoding=\"async\" class=\"alignleft size-thumbnail wp-image-6573\" src=\"https:\/\/wilhelmreich.gr\/wp-content\/uploads\/2019\/11\/themis-150x150.jpg\" alt=\"\" width=\"150\" height=\"150\" srcset=\"https:\/\/wilhelmreich.gr\/wp-content\/uploads\/2019\/11\/themis-150x150.jpg 150w, https:\/\/wilhelmreich.gr\/wp-content\/uploads\/2019\/11\/themis-300x300.jpg 300w, https:\/\/wilhelmreich.gr\/wp-content\/uploads\/2019\/11\/themis-1024x1024.jpg 1024w, https:\/\/wilhelmreich.gr\/wp-content\/uploads\/2019\/11\/themis-768x768.jpg 768w, https:\/\/wilhelmreich.gr\/wp-content\/uploads\/2019\/11\/themis-1536x1536.jpg 1536w, https:\/\/wilhelmreich.gr\/wp-content\/uploads\/2019\/11\/themis-1080x1080.jpg 1080w, https:\/\/wilhelmreich.gr\/wp-content\/uploads\/2019\/11\/themis-440x440.jpg 440w, https:\/\/wilhelmreich.gr\/wp-content\/uploads\/2019\/11\/themis.jpg 1575w\" sizes=\"(max-width: 150px) 100vw, 150px\" \/>Themistocles Tzotzas is an Endocrinologist &#8211; Diabetologist who lives and works in Thessaloniki. He is a graduate and doctor of medicine at the Aristotle University of Thessaloniki Medical School. He was trained at the Endocrinology Clinic of Piti\u00e9-Salp\u00eatri\u00e8re hospital in Paris for six years, where he specialized in metabolic diseases (dyslipidemias &#8211; obesity &#8211; diabetes mellitus) and for one year he worked as a lecturer.<\/p>\n<p>He has worked as a curator of the Endocrinology Clinic at Panagia Hospital of Thessaloniki (1990-2013) and as an NHS director at Agios Pavlos Hospital (2013-2014). He is a member of the European Association of Specialist Endocrinologists and a physician trainer in the sub-specificity of obesity at a European level, and for many years he has been a member of the Board of Directors of the Hellenic Obesity Medical Society. For four years he has been teaching as an associate professor in the Department of Nutrition and Dietetics at the Technological Educational Institute of Thessaloniki and now teaches at the postgraduate &#8220;Clinical Nutrition&#8221; of the same department and the postgraduate &#8220;Diabetes&#8221; of the Nursing Department.<\/p>\n<p>His research work is mainly focused on lipid disorders and obesity and has published more than 50 foreign-language papers with reviewers and 60 Greek, as well as 8 book chapters (3 foreign and 8 Greek). He is a scientific reviewer in many international medical journals. He has been the chief scientific officer of five epidemiological and interventional studies on childhood and adult obesity in Greece.<\/p>\n<p>He is currently the Director of the External Endocrinology and Obesity &#8211; Metabolic Disorders Clinic of Agios Loukas private clinic of Thessaloniki and at the same time maintains a private clinic. He is also a Research Associate at the 1st AHEPA Educational Pathological Clinic at AHEPA Hospital.<\/p>\n<hr \/>\n<h4><strong><br \/>\nSECRETARIAL SUPPORT<\/strong><\/h4>\n<p><strong>Kostas Theodoribassis<\/strong><br \/>\n<strong>Publisher<\/strong><\/p>\n<p><img loading=\"lazy\" decoding=\"async\" class=\"alignleft size-thumbnail wp-image-6575\" src=\"https:\/\/wilhelmreich.gr\/wp-content\/uploads\/2019\/11\/theodoribasis-150x150.jpg\" alt=\"\" width=\"150\" height=\"150\" srcset=\"https:\/\/wilhelmreich.gr\/wp-content\/uploads\/2019\/11\/theodoribasis-150x150.jpg 150w, https:\/\/wilhelmreich.gr\/wp-content\/uploads\/2019\/11\/theodoribasis-300x300.jpg 300w, https:\/\/wilhelmreich.gr\/wp-content\/uploads\/2019\/11\/theodoribasis-1024x1024.jpg 1024w, https:\/\/wilhelmreich.gr\/wp-content\/uploads\/2019\/11\/theodoribasis-768x768.jpg 768w, https:\/\/wilhelmreich.gr\/wp-content\/uploads\/2019\/11\/theodoribasis-1536x1536.jpg 1536w, https:\/\/wilhelmreich.gr\/wp-content\/uploads\/2019\/11\/theodoribasis-1080x1080.jpg 1080w, https:\/\/wilhelmreich.gr\/wp-content\/uploads\/2019\/11\/theodoribasis-440x440.jpg 440w, https:\/\/wilhelmreich.gr\/wp-content\/uploads\/2019\/11\/theodoribasis.jpg 1575w\" sizes=\"(max-width: 150px) 100vw, 150px\" \/>Kostas Theodoribassis was born in 1955 in Athens where he currently lives. He has been involved in Reich&#8217;s work since 1975 translating and experimenting on it. Since 1999 he has established his own publishing firm. Emphasizing on alternative therapies, he has published, among other things, a significant part of Wilhelm Reich&#8217;s works, as well as works by other authors on Orgonomy.<\/p>\n<p>&nbsp;<\/p>\n<p><strong>Anastasia Kyriakidou<br \/>\n<\/strong><strong>Publications editor<\/strong><\/p>\n<p><img loading=\"lazy\" decoding=\"async\" class=\"alignleft size-thumbnail wp-image-6569\" src=\"https:\/\/wilhelmreich.gr\/wp-content\/uploads\/2019\/11\/tasoula-150x150.jpg\" alt=\"\" width=\"150\" height=\"150\" srcset=\"https:\/\/wilhelmreich.gr\/wp-content\/uploads\/2019\/11\/tasoula-150x150.jpg 150w, https:\/\/wilhelmreich.gr\/wp-content\/uploads\/2019\/11\/tasoula-300x300.jpg 300w, https:\/\/wilhelmreich.gr\/wp-content\/uploads\/2019\/11\/tasoula-1024x1024.jpg 1024w, https:\/\/wilhelmreich.gr\/wp-content\/uploads\/2019\/11\/tasoula-768x768.jpg 768w, https:\/\/wilhelmreich.gr\/wp-content\/uploads\/2019\/11\/tasoula-1536x1536.jpg 1536w, https:\/\/wilhelmreich.gr\/wp-content\/uploads\/2019\/11\/tasoula-1080x1080.jpg 1080w, https:\/\/wilhelmreich.gr\/wp-content\/uploads\/2019\/11\/tasoula-440x440.jpg 440w, https:\/\/wilhelmreich.gr\/wp-content\/uploads\/2019\/11\/tasoula.jpg 1575w\" sizes=\"(max-width: 150px) 100vw, 150px\" \/>I was born in 1958 in Thessaloniki, where I live and work until today. I studied Graphic Design at the Deutsche Fachhochschule f\u00fcr Grafik und Design School in Athens and worked for many years in typography design (books, magazines and newspapers). Since 2004 I have been working as a translator, text editor and copywriter for books, magazines and websites.<br \/>\nIn 2020 I obtained the title of Assistant Physiotherapist.<\/p>\n<p><strong>\u00a0<\/strong><\/p>\n<p><strong>\u00a0<\/strong><\/p>\n","protected":false},"excerpt":{"rendered":"<p>IN CHARGE OF ALL INSTITUTE&#8217;S ACTIVITIES\u00a0 Nassos Teopoulos, M.D. Psychiatrist and Homeopath, founding member of the Hellenic Institute of Orgonomy He lives in Thessaloniki and works as an orgone therapist and a homeopath in Athens and Thessaloniki. Academic titles and studies: Degree in Stuructural Engineering from the National Technical University of Athens (1980). Diplomate of [&hellip;]<\/p>\n","protected":false},"author":2,"featured_media":0,"parent":5089,"menu_order":0,"comment_status":"closed","ping_status":"closed","template":"","meta":{"_et_pb_use_builder":"","_et_pb_old_content":"","_et_gb_content_width":"","footnotes":""},"class_list":["post-6588","page","type-page","status-publish","hentry"],"_links":{"self":[{"href":"https:\/\/wilhelmreich.gr\/en\/wp-json\/wp\/v2\/pages\/6588","targetHints":{"allow":["GET"]}}],"collection":[{"href":"https:\/\/wilhelmreich.gr\/en\/wp-json\/wp\/v2\/pages"}],"about":[{"href":"https:\/\/wilhelmreich.gr\/en\/wp-json\/wp\/v2\/types\/page"}],"author":[{"embeddable":true,"href":"https:\/\/wilhelmreich.gr\/en\/wp-json\/wp\/v2\/users\/2"}],"replies":[{"embeddable":true,"href":"https:\/\/wilhelmreich.gr\/en\/wp-json\/wp\/v2\/comments?post=6588"}],"version-history":[{"count":0,"href":"https:\/\/wilhelmreich.gr\/en\/wp-json\/wp\/v2\/pages\/6588\/revisions"}],"up":[{"embeddable":true,"href":"https:\/\/wilhelmreich.gr\/en\/wp-json\/wp\/v2\/pages\/5089"}],"wp:attachment":[{"href":"https:\/\/wilhelmreich.gr\/en\/wp-json\/wp\/v2\/media?parent=6588"}],"curies":[{"name":"wp","href":"https:\/\/api.w.org\/{rel}","templated":true}]}}